{"id":18819,"date":"2024-01-17T06:34:53","date_gmt":"2024-01-17T06:34:53","guid":{"rendered":"https:\/\/designingmedia.com\/instantva\/?page_id=18819"},"modified":"2024-04-23T00:28:16","modified_gmt":"2024-04-22T22:28:16","slug":"about-us-2-2","status":"publish","type":"page","link":"https:\/\/azcenter.fr\/?page_id=18819","title":{"rendered":"A Propos"},"content":{"rendered":"\t\t<div data-elementor-type=\"wp-page\" data-elementor-id=\"18819\" class=\"elementor elementor-18819\">\n\t\t\t\t<div class=\"elementor-element elementor-element-3407ab9 e-flex e-con-boxed e-con e-parent\" data-id=\"3407ab9\" data-element_type=\"container\" data-settings=\"{&quot;background_background&quot;:&quot;gradient&quot;}\">\n\t\t\t\t\t<div class=\"e-con-inner\">\n\t\t\t\t<div class=\"elementor-element elementor-element-efdb511 elementor-widget__width-auto elementor-absolute elementor-widget elementor-widget-image\" data-id=\"efdb511\" data-element_type=\"widget\" data-settings=\"{&quot;_position&quot;:&quot;absolute&quot;}\" data-widget_type=\"image.default\">\n\t\t\t\t<div class=\"elementor-widget-container\">\n\t\t\t<style>\/*! elementor - v3.21.0 - 18-04-2024 *\/\n.elementor-widget-image{text-align:center}.elementor-widget-image a{display:inline-block}.elementor-widget-image a img[src$=\".svg\"]{width:48px}.elementor-widget-image img{vertical-align:middle;display:inline-block}<\/style>\t\t\t\t\t\t\t\t\t\t<img decoding=\"async\" width=\"165\" height=\"90\" src=\"https:\/\/azcenter.fr\/wp-content\/uploads\/2022\/08\/about-logo-image.png\" class=\"attachment-full size-full wp-image-1153\" alt=\"\" \/>\t\t\t\t\t\t\t\t\t\t\t\t\t<\/div>\n\t\t\t\t<\/div>\n\t\t<div class=\"elementor-element elementor-element-526b7b1 e-con-full e-flex e-con e-child\" data-id=\"526b7b1\" data-element_type=\"container\">\n\t\t<div class=\"elementor-element elementor-element-6344afb e-con-full e-flex e-con e-child\" data-id=\"6344afb\" data-element_type=\"container\">\n\t\t<div class=\"elementor-element elementor-element-77a1e68 e-con-full e-flex e-con e-child\" data-id=\"77a1e68\" data-element_type=\"container\" data-settings=\"{&quot;animation&quot;:&quot;none&quot;}\">\n\t\t\t\t<div class=\"elementor-element elementor-element-cc1e19b elementor-widget elementor-widget-image\" data-id=\"cc1e19b\" data-element_type=\"widget\" data-widget_type=\"image.default\">\n\t\t\t\t<div class=\"elementor-widget-container\">\n\t\t\t\t\t\t\t\t\t\t\t\t\t<img fetchpriority=\"high\" decoding=\"async\" width=\"7952\" height=\"5304\" src=\"https:\/\/azcenter.fr\/wp-content\/uploads\/2024\/03\/programmers-cooperating-brainstorming-at-informati-2023-11-27-05-14-33-utc.jpg\" class=\"elementor-animation-float attachment-full size-full wp-image-30\" alt=\"\" srcset=\"https:\/\/azcenter.fr\/wp-content\/uploads\/2024\/03\/programmers-cooperating-brainstorming-at-informati-2023-11-27-05-14-33-utc.jpg 7952w, https:\/\/azcenter.fr\/wp-content\/uploads\/2024\/03\/programmers-cooperating-brainstorming-at-informati-2023-11-27-05-14-33-utc-600x400.jpg 600w, https:\/\/azcenter.fr\/wp-content\/uploads\/2024\/03\/programmers-cooperating-brainstorming-at-informati-2023-11-27-05-14-33-utc-300x200.jpg 300w, https:\/\/azcenter.fr\/wp-content\/uploads\/2024\/03\/programmers-cooperating-brainstorming-at-informati-2023-11-27-05-14-33-utc-1024x683.jpg 1024w, https:\/\/azcenter.fr\/wp-content\/uploads\/2024\/03\/programmers-cooperating-brainstorming-at-informati-2023-11-27-05-14-33-utc-768x512.jpg 768w, https:\/\/azcenter.fr\/wp-content\/uploads\/2024\/03\/programmers-cooperating-brainstorming-at-informati-2023-11-27-05-14-33-utc-1536x1025.jpg 1536w\" sizes=\"(max-width: 7952px) 100vw, 7952px\" \/>\t\t\t\t\t\t\t\t\t\t\t\t\t<\/div>\n\t\t\t\t<\/div>\n\t\t\t\t<div class=\"elementor-element elementor-element-6e4ce5a elementor-widget__width-auto elementor-absolute elementor-widget elementor-widget-image\" data-id=\"6e4ce5a\" data-element_type=\"widget\" data-settings=\"{&quot;_position&quot;:&quot;absolute&quot;}\" data-widget_type=\"image.default\">\n\t\t\t\t<div class=\"elementor-widget-container\">\n\t\t\t\t\t\t\t\t\t\t\t\t\t<img decoding=\"async\" width=\"105\" height=\"105\" src=\"https:\/\/azcenter.fr\/wp-content\/uploads\/2022\/09\/about-us-.png\" class=\"attachment-full size-full wp-image-7454\" alt=\"\" srcset=\"https:\/\/azcenter.fr\/wp-content\/uploads\/2022\/09\/about-us-.png 105w, https:\/\/azcenter.fr\/wp-content\/uploads\/2022\/09\/about-us--100x100.png 100w\" sizes=\"(max-width: 105px) 100vw, 105px\" \/>\t\t\t\t\t\t\t\t\t\t\t\t\t<\/div>\n\t\t\t\t<\/div>\n\t\t\t\t<div class=\"elementor-element elementor-element-bcfce63 elementor-widget__width-auto elementor-widget elementor-widget-image\" data-id=\"bcfce63\" data-element_type=\"widget\" data-widget_type=\"image.default\">\n\t\t\t\t<div class=\"elementor-widget-container\">\n\t\t\t\t\t\t\t\t\t\t\t\t\t<img loading=\"lazy\" decoding=\"async\" width=\"274\" height=\"250\" src=\"https:\/\/azcenter.fr\/wp-content\/uploads\/2022\/09\/about-sec-img-022.jpg\" class=\"elementor-animation-float attachment-full size-full wp-image-7710\" alt=\"\" \/>\t\t\t\t\t\t\t\t\t\t\t\t\t<\/div>\n\t\t\t\t<\/div>\n\t\t\t\t<div class=\"elementor-element elementor-element-c09e422 elementor-widget__width-auto elementor-absolute elementor-widget-tablet__width-auto elementor-widget elementor-widget-image\" data-id=\"c09e422\" data-element_type=\"widget\" data-settings=\"{&quot;_position&quot;:&quot;absolute&quot;}\" data-widget_type=\"image.default\">\n\t\t\t\t<div class=\"elementor-widget-container\">\n\t\t\t\t\t\t\t\t\t\t\t\t\t<img loading=\"lazy\" decoding=\"async\" width=\"102\" height=\"452\" src=\"https:\/\/azcenter.fr\/wp-content\/uploads\/2022\/09\/bg-logo-about-us.jpg\" class=\"attachment-full size-full wp-image-7604\" alt=\"\" srcset=\"https:\/\/azcenter.fr\/wp-content\/uploads\/2022\/09\/bg-logo-about-us.jpg 102w, https:\/\/azcenter.fr\/wp-content\/uploads\/2022\/09\/bg-logo-about-us-68x300.jpg 68w\" sizes=\"(max-width: 102px) 100vw, 102px\" \/>\t\t\t\t\t\t\t\t\t\t\t\t\t<\/div>\n\t\t\t\t<\/div>\n\t\t\t\t<div class=\"elementor-element elementor-element-b76bb79 elementor-widget__width-auto elementor-widget elementor-widget-image\" data-id=\"b76bb79\" data-element_type=\"widget\" data-widget_type=\"image.default\">\n\t\t\t\t<div class=\"elementor-widget-container\">\n\t\t\t\t\t\t\t\t\t\t\t\t\t<img loading=\"lazy\" decoding=\"async\" width=\"219\" height=\"224\" src=\"https:\/\/azcenter.fr\/wp-content\/uploads\/2022\/08\/instant-VA-3rd-About-Image.png\" class=\"elementor-animation-float attachment-full size-full wp-image-762\" alt=\"\" \/>\t\t\t\t\t\t\t\t\t\t\t\t\t<\/div>\n\t\t\t\t<\/div>\n\t\t\t\t<\/div>\n\t\t<div class=\"elementor-element elementor-element-379da48 e-con-full e-flex e-con e-child\" data-id=\"379da48\" data-element_type=\"container\">\n\t\t\t\t<div class=\"elementor-element elementor-element-cc9a389 elementor-widget elementor-widget-heading\" data-id=\"cc9a389\" data-element_type=\"widget\" data-widget_type=\"heading.default\">\n\t\t\t\t<div class=\"elementor-widget-container\">\n\t\t\t<style>\/*! elementor - v3.21.0 - 18-04-2024 *\/\n.elementor-heading-title{padding:0;margin:0;line-height:1}.elementor-widget-heading .elementor-heading-title[class*=elementor-size-]>a{color:inherit;font-size:inherit;line-height:inherit}.elementor-widget-heading .elementor-heading-title.elementor-size-small{font-size:15px}.elementor-widget-heading .elementor-heading-title.elementor-size-medium{font-size:19px}.elementor-widget-heading .elementor-heading-title.elementor-size-large{font-size:29px}.elementor-widget-heading .elementor-heading-title.elementor-size-xl{font-size:39px}.elementor-widget-heading .elementor-heading-title.elementor-size-xxl{font-size:59px}<\/style><h6 class=\"elementor-heading-title elementor-size-default\">A Propos<\/h6>\t\t<\/div>\n\t\t\t\t<\/div>\n\t\t\t\t<div class=\"elementor-element elementor-element-33958d9 elementor-widget elementor-widget-heading\" data-id=\"33958d9\" data-element_type=\"widget\" data-widget_type=\"heading.default\">\n\t\t\t\t<div class=\"elementor-widget-container\">\n\t\t\t<h2 class=\"elementor-heading-title elementor-size-default\">AZ Center : Catalyseur d'Excellence & d'Innovation<\/h2>\t\t<\/div>\n\t\t\t\t<\/div>\n\t\t\t\t<div class=\"elementor-element elementor-element-d8711c4 elementor-widget elementor-widget-text-editor\" data-id=\"d8711c4\" data-element_type=\"widget\" data-widget_type=\"text-editor.default\">\n\t\t\t\t<div class=\"elementor-widget-container\">\n\t\t\t<style>\/*! elementor - v3.21.0 - 18-04-2024 *\/\n.elementor-widget-text-editor.elementor-drop-cap-view-stacked .elementor-drop-cap{background-color:#69727d;color:#fff}.elementor-widget-text-editor.elementor-drop-cap-view-framed .elementor-drop-cap{color:#69727d;border:3px solid;background-color:transparent}.elementor-widget-text-editor:not(.elementor-drop-cap-view-default) .elementor-drop-cap{margin-top:8px}.elementor-widget-text-editor:not(.elementor-drop-cap-view-default) .elementor-drop-cap-letter{width:1em;height:1em}.elementor-widget-text-editor .elementor-drop-cap{float:left;text-align:center;line-height:1;font-size:50px}.elementor-widget-text-editor .elementor-drop-cap-letter{display:inline-block}<\/style>\t\t\t\tEn embrassant avec excellence la gestion des fonctions support essentielles.\t\t\t\t\t\t<\/div>\n\t\t\t\t<\/div>\n\t\t\t\t<div class=\"elementor-element elementor-element-2ecafb8 elementor-widget elementor-widget-heading\" data-id=\"2ecafb8\" data-element_type=\"widget\" data-widget_type=\"heading.default\">\n\t\t\t\t<div class=\"elementor-widget-container\">\n\t\t\t<h3 class=\"elementor-heading-title elementor-size-default\">01. Faites \u00c9clore la Vision<\/h3>\t\t<\/div>\n\t\t\t\t<\/div>\n\t\t\t\t<div class=\"elementor-element elementor-element-f2292e0 elementor-widget elementor-widget-text-editor\" data-id=\"f2292e0\" data-element_type=\"widget\" data-widget_type=\"text-editor.default\">\n\t\t\t\t<div class=\"elementor-widget-container\">\n\t\t\t\t\t\t\tNous propulsons sa vision, sa croissance et son innovation vers des horizons sans pr\u00e9c\u00e9dent.\t\t\t\t\t\t<\/div>\n\t\t\t\t<\/div>\n\t\t\t\t<div class=\"elementor-element elementor-element-9bb1c08 elementor-widget elementor-widget-heading\" data-id=\"9bb1c08\" data-element_type=\"widget\" data-widget_type=\"heading.default\">\n\t\t\t\t<div class=\"elementor-widget-container\">\n\t\t\t<h3 class=\"elementor-heading-title elementor-size-default\">02. Transformez vos D\u00e9fis Op\u00e9rationnels<\/h3>\t\t<\/div>\n\t\t\t\t<\/div>\n\t\t\t\t<div class=\"elementor-element elementor-element-1a5170e elementor-widget elementor-widget-text-editor\" data-id=\"1a5170e\" data-element_type=\"widget\" data-widget_type=\"text-editor.default\">\n\t\t\t\t<div class=\"elementor-widget-container\">\n\t\t\t\t\t\t\tChez AZ Center, nous transformons les d\u00e9fis op\u00e9rationnels en opportunit\u00e9s strat\u00e9giques.\t\t\t\t\t\t<\/div>\n\t\t\t\t<\/div>\n\t\t\t\t<div class=\"elementor-element elementor-element-de0ee8b elementor-widget__width-auto elementor-mobile-align-center elementor-widget elementor-widget-button\" data-id=\"de0ee8b\" data-element_type=\"widget\" data-widget_type=\"button.default\">\n\t\t\t\t<div class=\"elementor-widget-container\">\n\t\t\t\t\t<div class=\"elementor-button-wrapper\">\n\t\t\t<a class=\"elementor-button elementor-button-link elementor-size-sm\" href=\"https:\/\/designingmehttps:\/\/azcenter.fr\/?page_id=6500\">\n\t\t\t\t\t\t<span class=\"elementor-button-content-wrapper\">\n\t\t\t\t\t\t\t\t\t<span class=\"elementor-button-text\">Contacter-Nous<\/span>\n\t\t\t\t\t<\/span>\n\t\t\t\t\t<\/a>\n\t\t<\/div>\n\t\t\t\t<\/div>\n\t\t\t\t<\/div>\n\t\t\t\t<\/div>\n\t\t\t\t<\/div>\n\t\t\t\t<\/div>\n\t\t\t\t\t<\/div>\n\t\t\t\t<\/div>\n\t\t<div class=\"elementor-element elementor-element-45db934 e-flex e-con-boxed e-con e-parent\" data-id=\"45db934\" data-element_type=\"container\" data-settings=\"{&quot;background_background&quot;:&quot;gradient&quot;}\">\n\t\t\t\t\t<div class=\"e-con-inner\">\n\t\t\t\t<div class=\"elementor-element elementor-element-b63c219 elementor-widget__width-auto elementor-absolute elementor-hidden-mobile elementor-widget elementor-widget-image\" data-id=\"b63c219\" data-element_type=\"widget\" data-settings=\"{&quot;_position&quot;:&quot;absolute&quot;}\" data-widget_type=\"image.default\">\n\t\t\t\t<div class=\"elementor-widget-container\">\n\t\t\t\t\t\t\t\t\t\t\t\t\t<img loading=\"lazy\" decoding=\"async\" width=\"232\" height=\"575\" src=\"https:\/\/azcenter.fr\/wp-content\/uploads\/2022\/09\/Why-choose-us-image-bg.png\" class=\"attachment-full size-full wp-image-8976\" alt=\"\" srcset=\"https:\/\/azcenter.fr\/wp-content\/uploads\/2022\/09\/Why-choose-us-image-bg.png 232w, https:\/\/azcenter.fr\/wp-content\/uploads\/2022\/09\/Why-choose-us-image-bg-121x300.png 121w\" sizes=\"(max-width: 232px) 100vw, 232px\" \/>\t\t\t\t\t\t\t\t\t\t\t\t\t<\/div>\n\t\t\t\t<\/div>\n\t\t\t\t<div class=\"elementor-element elementor-element-c65c486 elementor-absolute elementor-widget__width-auto elementor-hidden-tablet elementor-hidden-mobile elementor-widget elementor-widget-image\" data-id=\"c65c486\" data-element_type=\"widget\" data-settings=\"{&quot;_position&quot;:&quot;absolute&quot;}\" data-widget_type=\"image.default\">\n\t\t\t\t<div class=\"elementor-widget-container\">\n\t\t\t\t\t\t\t\t\t\t\t\t\t<img loading=\"lazy\" decoding=\"async\" width=\"110\" height=\"206\" src=\"https:\/\/azcenter.fr\/wp-content\/uploads\/2022\/08\/Why-choose-us-backgound-image-1.png\" class=\"attachment-full size-full wp-image-3346\" alt=\"\" \/>\t\t\t\t\t\t\t\t\t\t\t\t\t<\/div>\n\t\t\t\t<\/div>\n\t\t<div class=\"elementor-element elementor-element-f02b2d0 e-con-full e-flex e-con e-child\" data-id=\"f02b2d0\" data-element_type=\"container\">\n\t\t<div class=\"elementor-element elementor-element-926fbf4 e-con-full e-flex e-con e-child\" data-id=\"926fbf4\" data-element_type=\"container\">\n\t\t<div class=\"elementor-element elementor-element-14623ae e-con-full e-flex e-con e-child\" data-id=\"14623ae\" data-element_type=\"container\">\n\t\t\t\t<div class=\"elementor-element elementor-element-c8c5f09 elementor-widget__width-auto elementor-absolute elementor-hidden-mobile elementor-hidden-tablet elementor-hidden-laptop elementor-widget elementor-widget-image\" data-id=\"c8c5f09\" data-element_type=\"widget\" data-settings=\"{&quot;_position&quot;:&quot;absolute&quot;}\" data-widget_type=\"image.default\">\n\t\t\t\t<div class=\"elementor-widget-container\">\n\t\t\t\t\t\t\t\t\t\t\t\t\t<img loading=\"lazy\" decoding=\"async\" width=\"48\" height=\"47\" src=\"https:\/\/azcenter.fr\/wp-content\/uploads\/2022\/09\/Why-choose-us-bg-image.png\" class=\"attachment-full size-full wp-image-8542\" alt=\"\" \/>\t\t\t\t\t\t\t\t\t\t\t\t\t<\/div>\n\t\t\t\t<\/div>\n\t\t\t\t<div class=\"elementor-element elementor-element-16bf719 elementor-widget elementor-widget-heading\" data-id=\"16bf719\" data-element_type=\"widget\" data-widget_type=\"heading.default\">\n\t\t\t\t<div class=\"elementor-widget-container\">\n\t\t\t<h6 class=\"elementor-heading-title elementor-size-default\">Nous sommes<\/h6>\t\t<\/div>\n\t\t\t\t<\/div>\n\t\t\t\t<div class=\"elementor-element elementor-element-2fa96fe elementor-widget elementor-widget-heading\" data-id=\"2fa96fe\" data-element_type=\"widget\" data-widget_type=\"heading.default\">\n\t\t\t\t<div class=\"elementor-widget-container\">\n\t\t\t<h2 class=\"elementor-heading-title elementor-size-default\">Transformez Chaque D\u00e9tail en un Levier de Succ\u00e8s !<\/h2>\t\t<\/div>\n\t\t\t\t<\/div>\n\t\t\t\t<div class=\"elementor-element elementor-element-784b468 elementor-widget elementor-widget-text-editor\" data-id=\"784b468\" data-element_type=\"widget\" data-widget_type=\"text-editor.default\">\n\t\t\t\t<div class=\"elementor-widget-container\">\n\t\t\t\t\t\t\tAZ Center, embrassez une collaboration qui ouvre les portes \u00e0 une expertise in\u00e9gal\u00e9e, des solutions sur-mesure et une performance qui d\u00e9passe les attentes.\t\t\t\t\t\t<\/div>\n\t\t\t\t<\/div>\n\t\t<div class=\"elementor-element elementor-element-6a818c7 e-con-full e-flex e-con e-child\" data-id=\"6a818c7\" data-element_type=\"container\">\n\t\t<div class=\"elementor-element elementor-element-a1b9196 e-con-full e-flex e-con e-child\" data-id=\"a1b9196\" data-element_type=\"container\" data-settings=\"{&quot;background_background&quot;:&quot;classic&quot;}\">\n\t\t\t\t<div class=\"elementor-element elementor-element-0553ed9 elementor-widget elementor-widget-counter\" data-id=\"0553ed9\" data-element_type=\"widget\" data-widget_type=\"counter.default\">\n\t\t\t\t<div class=\"elementor-widget-container\">\n\t\t\t<style>\/*! elementor - v3.21.0 - 18-04-2024 *\/\n.elementor-counter{display:flex;justify-content:center;align-items:stretch;flex-direction:column-reverse}.elementor-counter .elementor-counter-number{flex-grow:var(--counter-number-grow,0)}.elementor-counter .elementor-counter-number-wrapper{flex:1;display:flex;font-size:69px;font-weight:600;line-height:1;text-align:center}.elementor-counter .elementor-counter-number-prefix{text-align:end;flex-grow:var(--counter-prefix-grow,1);white-space:pre-wrap}.elementor-counter .elementor-counter-number-suffix{text-align:start;flex-grow:var(--counter-suffix-grow,1);white-space:pre-wrap}.elementor-counter .elementor-counter-title{flex:1;display:flex;justify-content:center;align-items:center;margin:0;padding:0;font-size:19px;font-weight:400;line-height:2.5}<\/style>\t\t<div class=\"elementor-counter\">\n\t\t\t<div class=\"elementor-counter-title\">Happy Clients<\/div>\t\t\t<div class=\"elementor-counter-number-wrapper\">\n\t\t\t\t<span class=\"elementor-counter-number-prefix\"><\/span>\n\t\t\t\t<span class=\"elementor-counter-number\" data-duration=\"2000\" data-to-value=\"583\" data-from-value=\"0\">0<\/span>\n\t\t\t\t<span class=\"elementor-counter-number-suffix\"><\/span>\n\t\t\t<\/div>\n\t\t<\/div>\n\t\t\t\t<\/div>\n\t\t\t\t<\/div>\n\t\t\t\t<\/div>\n\t\t<div class=\"elementor-element elementor-element-16273f6 e-con-full e-flex e-con e-child\" data-id=\"16273f6\" data-element_type=\"container\" data-settings=\"{&quot;background_background&quot;:&quot;classic&quot;}\">\n\t\t\t\t<div class=\"elementor-element elementor-element-fcf3a9d elementor-widget elementor-widget-counter\" data-id=\"fcf3a9d\" data-element_type=\"widget\" data-widget_type=\"counter.default\">\n\t\t\t\t<div class=\"elementor-widget-container\">\n\t\t\t\t\t<div class=\"elementor-counter\">\n\t\t\t<div class=\"elementor-counter-title\">Projects Done<\/div>\t\t\t<div class=\"elementor-counter-number-wrapper\">\n\t\t\t\t<span class=\"elementor-counter-number-prefix\"><\/span>\n\t\t\t\t<span class=\"elementor-counter-number\" data-duration=\"2000\" data-to-value=\"825\" data-from-value=\"0\" data-delimiter=\",\">0<\/span>\n\t\t\t\t<span class=\"elementor-counter-number-suffix\"><\/span>\n\t\t\t<\/div>\n\t\t<\/div>\n\t\t\t\t<\/div>\n\t\t\t\t<\/div>\n\t\t\t\t<\/div>\n\t\t<div class=\"elementor-element elementor-element-c2d4465 e-con-full e-flex e-con e-child\" data-id=\"c2d4465\" data-element_type=\"container\" data-settings=\"{&quot;background_background&quot;:&quot;classic&quot;}\">\n\t\t\t\t<div class=\"elementor-element elementor-element-1664845 elementor-widget elementor-widget-counter\" data-id=\"1664845\" data-element_type=\"widget\" data-widget_type=\"counter.default\">\n\t\t\t\t<div class=\"elementor-widget-container\">\n\t\t\t\t\t<div class=\"elementor-counter\">\n\t\t\t<div class=\"elementor-counter-title\">Awards Won<\/div>\t\t\t<div class=\"elementor-counter-number-wrapper\">\n\t\t\t\t<span class=\"elementor-counter-number-prefix\"><\/span>\n\t\t\t\t<span class=\"elementor-counter-number\" data-duration=\"2000\" data-to-value=\"235\" data-from-value=\"0\" data-delimiter=\",\">0<\/span>\n\t\t\t\t<span class=\"elementor-counter-number-suffix\"><\/span>\n\t\t\t<\/div>\n\t\t<\/div>\n\t\t\t\t<\/div>\n\t\t\t\t<\/div>\n\t\t\t\t<\/div>\n\t\t\t\t<\/div>\n\t\t\t\t<\/div>\n\t\t<div class=\"elementor-element elementor-element-b7c6fec e-con-full e-flex e-con e-child\" data-id=\"b7c6fec\" data-element_type=\"container\">\n\t\t\t\t<div class=\"elementor-element elementor-element-d86f20a elementor-widget elementor-widget-image\" data-id=\"d86f20a\" data-element_type=\"widget\" data-widget_type=\"image.default\">\n\t\t\t\t<div class=\"elementor-widget-container\">\n\t\t\t\t\t\t\t\t\t\t\t\t\t<img loading=\"lazy\" decoding=\"async\" width=\"499\" height=\"571\" src=\"https:\/\/azcenter.fr\/wp-content\/uploads\/2024\/01\/counter-img.png\" class=\"elementor-animation-float attachment-large size-large wp-image-18955\" alt=\"\" srcset=\"https:\/\/azcenter.fr\/wp-content\/uploads\/2024\/01\/counter-img.png 499w, https:\/\/azcenter.fr\/wp-content\/uploads\/2024\/01\/counter-img-262x300.png 262w\" sizes=\"(max-width: 499px) 100vw, 499px\" \/>\t\t\t\t\t\t\t\t\t\t\t\t\t<\/div>\n\t\t\t\t<\/div>\n\t\t\t\t<\/div>\n\t\t\t\t<\/div>\n\t\t\t\t<\/div>\n\t\t\t\t\t<\/div>\n\t\t\t\t<\/div>\n\t\t<div class=\"elementor-element elementor-element-89f7cf9 e-flex e-con-boxed e-con e-parent\" data-id=\"89f7cf9\" data-element_type=\"container\">\n\t\t\t\t\t<div class=\"e-con-inner\">\n\t\t<div class=\"elementor-element elementor-element-456c2d6 e-con-full e-flex e-con e-child\" data-id=\"456c2d6\" data-element_type=\"container\">\n\t\t\t\t<div class=\"elementor-element elementor-element-8fca9c8 elementor-widget elementor-widget-heading\" data-id=\"8fca9c8\" data-element_type=\"widget\" data-widget_type=\"heading.default\">\n\t\t\t\t<div class=\"elementor-widget-container\">\n\t\t\t<h6 class=\"elementor-heading-title elementor-size-default\">L\u00e0 o\u00f9 Votre Talent Dessine les Contours de Demain<\/h6>\t\t<\/div>\n\t\t\t\t<\/div>\n\t\t\t\t<div class=\"elementor-element elementor-element-cca7cec elementor-widget elementor-widget-text-editor\" data-id=\"cca7cec\" data-element_type=\"widget\" data-widget_type=\"text-editor.default\">\n\t\t\t\t<div class=\"elementor-widget-container\">\n\t\t\t\t\t\t\tPr\u00eat \u00e0 relever des d\u00e9fis, \u00e0 grandir au sein d&rsquo;une \u00e9quipe qui valorise votre contribution, alors AZ Center est votre prochain chapitre. Embarquez dans cette aventure o\u00f9 votre talent ne conna\u00eet pas de fronti\u00e8res. Rejoignez-nous et ensemble, fa\u00e7onnons l&rsquo;avenir.\t\t\t\t\t\t<\/div>\n\t\t\t\t<\/div>\n\t\t\t\t<\/div>\n\t\t\t\t\t<\/div>\n\t\t\t\t<\/div>\n\t\t\t\t<\/div>\n\t\t","protected":false},"excerpt":{"rendered":"<p>A Propos AZ Center : Catalyseur d&rsquo;Excellence &#038; d&rsquo;Innovation En embrassant avec excellence la gestion des fonctions support essentielles. 01. Faites \u00c9clore la Vision Nous propulsons sa vision, sa croissance et son innovation vers des horizons sans pr\u00e9c\u00e9dent. 02. Transformez vos D\u00e9fis Op\u00e9rationnels Chez AZ Center, nous transformons les d\u00e9fis op\u00e9rationnels en opportunit\u00e9s strat\u00e9giques. Contacter-Nous [&hellip;]<\/p>\n","protected":false},"author":1,"featured_media":18742,"parent":0,"menu_order":0,"comment_status":"closed","ping_status":"closed","template":"elementor_header_footer","meta":{"_monsterinsights_skip_tracking":false,"_monsterinsights_sitenote_active":false,"_monsterinsights_sitenote_note":"","_monsterinsights_sitenote_category":0,"footnotes":""},"class_list":["post-18819","page","type-page","status-publish","has-post-thumbnail","hentry"],"aioseo_notices":[],"_links":{"self":[{"href":"https:\/\/azcenter.fr\/index.php?rest_route=\/wp\/v2\/pages\/18819","targetHints":{"allow":["GET"]}}],"collection":[{"href":"https:\/\/azcenter.fr\/index.php?rest_route=\/wp\/v2\/pages"}],"about":[{"href":"https:\/\/azcenter.fr\/index.php?rest_route=\/wp\/v2\/types\/page"}],"author":[{"embeddable":true,"href":"https:\/\/azcenter.fr\/index.php?rest_route=\/wp\/v2\/users\/1"}],"replies":[{"embeddable":true,"href":"https:\/\/azcenter.fr\/index.php?rest_route=%2Fwp%2Fv2%2Fcomments&post=18819"}],"version-history":[{"count":35,"href":"https:\/\/azcenter.fr\/index.php?rest_route=\/wp\/v2\/pages\/18819\/revisions"}],"predecessor-version":[{"id":19234,"href":"https:\/\/azcenter.fr\/index.php?rest_route=\/wp\/v2\/pages\/18819\/revisions\/19234"}],"wp:featuredmedia":[{"embeddable":true,"href":"https:\/\/azcenter.fr\/index.php?rest_route=\/wp\/v2\/media\/18742"}],"wp:attachment":[{"href":"https:\/\/azcenter.fr\/index.php?rest_route=%2Fwp%2Fv2%2Fmedia&parent=18819"}],"curies":[{"name":"wp","href":"https:\/\/api.w.org\/{rel}","templated":true}]}}