{"id":19074,"date":"2022-08-22T05:54:48","date_gmt":"2022-08-22T05:54:48","guid":{"rendered":"https:\/\/designingmedia.com\/instantva\/?page_id=6"},"modified":"2024-03-18T10:10:37","modified_gmt":"2024-03-18T09:10:37","slug":"home","status":"publish","type":"page","link":"https:\/\/azcenter.fr\/","title":{"rendered":"Home"},"content":{"rendered":"\t\t<div data-elementor-type=\"wp-page\" data-elementor-id=\"19074\" class=\"elementor elementor-19074\">\n\t\t\t\t<div class=\"elementor-element elementor-element-07a2477 e-flex e-con-boxed e-con e-parent\" data-id=\"07a2477\" data-element_type=\"container\" data-settings=\"{&quot;background_background&quot;:&quot;gradient&quot;}\">\n\t\t\t\t\t<div class=\"e-con-inner\">\n\t\t\t\t<div class=\"elementor-element elementor-element-f3e16ec elementor-widget__width-auto elementor-absolute elementor-widget-mobile__width-initial elementor-hidden-tablet elementor-hidden-mobile elementor-widget elementor-widget-image\" data-id=\"f3e16ec\" data-element_type=\"widget\" data-settings=\"{&quot;_position&quot;:&quot;absolute&quot;}\" data-widget_type=\"image.default\">\n\t\t\t\t<div class=\"elementor-widget-container\">\n\t\t\t<style>\/*! elementor - v3.21.0 - 18-04-2024 *\/\n.elementor-widget-image{text-align:center}.elementor-widget-image a{display:inline-block}.elementor-widget-image a img[src$=\".svg\"]{width:48px}.elementor-widget-image img{vertical-align:middle;display:inline-block}<\/style>\t\t\t\t\t\t\t\t\t\t<img decoding=\"async\" width=\"71\" height=\"160\" src=\"https:\/\/azcenter.fr\/wp-content\/uploads\/2022\/09\/Home-baner-image-bg.png\" class=\"attachment-full size-full wp-image-8927\" alt=\"\" \/>\t\t\t\t\t\t\t\t\t\t\t\t\t<\/div>\n\t\t\t\t<\/div>\n\t\t\t\t<div class=\"elementor-element elementor-element-a4ed1ca elementor-widget__width-auto elementor-absolute elementor-hidden-tablet elementor-hidden-mobile elementor-widget elementor-widget-image\" data-id=\"a4ed1ca\" data-element_type=\"widget\" data-settings=\"{&quot;_position&quot;:&quot;absolute&quot;}\" data-widget_type=\"image.default\">\n\t\t\t\t<div class=\"elementor-widget-container\">\n\t\t\t\t\t\t\t\t\t\t\t\t\t<img decoding=\"async\" src=\"https:\/\/azcenter.fr\/wp-content\/uploads\/2022\/09\/Home-bg-image-new.png\" title=\"Home-bg-image-new\" alt=\"Home-bg-image-new\" loading=\"lazy\" \/>\t\t\t\t\t\t\t\t\t\t\t\t\t<\/div>\n\t\t\t\t<\/div>\n\t\t<div class=\"elementor-element elementor-element-fbe2395 e-con-full e-flex e-con e-child\" data-id=\"fbe2395\" data-element_type=\"container\">\n\t\t<div class=\"elementor-element elementor-element-1d67f28 e-con-full e-flex e-con e-child\" data-id=\"1d67f28\" data-element_type=\"container\" data-settings=\"{&quot;background_background&quot;:&quot;gradient&quot;}\">\n\t\t<div class=\"elementor-element elementor-element-ba77b8b e-con-full e-flex e-con e-child\" data-id=\"ba77b8b\" data-element_type=\"container\">\n\t\t\t\t<div class=\"elementor-element elementor-element-e7e6308 elementor-widget__width-auto elementor-absolute elementor-hidden-tablet elementor-hidden-mobile elementor-hidden-laptop elementor-invisible elementor-widget elementor-widget-image\" data-id=\"e7e6308\" data-element_type=\"widget\" data-settings=\"{&quot;_position&quot;:&quot;absolute&quot;,&quot;_animation&quot;:&quot;rotateIn&quot;}\" data-widget_type=\"image.default\">\n\t\t\t\t<div class=\"elementor-widget-container\">\n\t\t\t\t\t\t\t\t\t\t\t\t\t<img decoding=\"async\" width=\"314\" height=\"24\" src=\"https:\/\/azcenter.fr\/wp-content\/uploads\/2022\/09\/Home-baner-text-bg-image.png\" class=\"attachment-full size-full wp-image-8956\" alt=\"\" srcset=\"https:\/\/azcenter.fr\/wp-content\/uploads\/2022\/09\/Home-baner-text-bg-image.png 314w, https:\/\/azcenter.fr\/wp-content\/uploads\/2022\/09\/Home-baner-text-bg-image-300x23.png 300w\" sizes=\"(max-width: 314px) 100vw, 314px\" \/>\t\t\t\t\t\t\t\t\t\t\t\t\t<\/div>\n\t\t\t\t<\/div>\n\t\t\t\t<div class=\"elementor-element elementor-element-88db7ba elementor-widget elementor-widget-heading\" data-id=\"88db7ba\" data-element_type=\"widget\" data-widget_type=\"heading.default\">\n\t\t\t\t<div class=\"elementor-widget-container\">\n\t\t\t<style>\/*! elementor - v3.21.0 - 18-04-2024 *\/\n.elementor-heading-title{padding:0;margin:0;line-height:1}.elementor-widget-heading .elementor-heading-title[class*=elementor-size-]>a{color:inherit;font-size:inherit;line-height:inherit}.elementor-widget-heading .elementor-heading-title.elementor-size-small{font-size:15px}.elementor-widget-heading .elementor-heading-title.elementor-size-medium{font-size:19px}.elementor-widget-heading .elementor-heading-title.elementor-size-large{font-size:29px}.elementor-widget-heading .elementor-heading-title.elementor-size-xl{font-size:39px}.elementor-widget-heading .elementor-heading-title.elementor-size-xxl{font-size:59px}<\/style><h1 class=\"elementor-heading-title elementor-size-default\">Notre h\u00e9ritage de succ\u00e8s et notre expertise sont d\u00e9sormais \u00e0 la port\u00e9e nos partenaires<\/h1>\t\t<\/div>\n\t\t\t\t<\/div>\n\t\t\t\t<div class=\"elementor-element elementor-element-5cbcc26 elementor-widget elementor-widget-text-editor\" data-id=\"5cbcc26\" data-element_type=\"widget\" data-widget_type=\"text-editor.default\">\n\t\t\t\t<div class=\"elementor-widget-container\">\n\t\t\t<style>\/*! elementor - v3.21.0 - 18-04-2024 *\/\n.elementor-widget-text-editor.elementor-drop-cap-view-stacked .elementor-drop-cap{background-color:#69727d;color:#fff}.elementor-widget-text-editor.elementor-drop-cap-view-framed .elementor-drop-cap{color:#69727d;border:3px solid;background-color:transparent}.elementor-widget-text-editor:not(.elementor-drop-cap-view-default) .elementor-drop-cap{margin-top:8px}.elementor-widget-text-editor:not(.elementor-drop-cap-view-default) .elementor-drop-cap-letter{width:1em;height:1em}.elementor-widget-text-editor .elementor-drop-cap{float:left;text-align:center;line-height:1;font-size:50px}.elementor-widget-text-editor .elementor-drop-cap-letter{display:inline-block}<\/style>\t\t\t\tD\u00e9couvrez comment notre synergie interne peut \u00e9lever chaque aspect de notre groupe vers des r\u00e9alisations sans pr\u00e9c\u00e9dent.\t\t\t\t\t\t<\/div>\n\t\t\t\t<\/div>\n\t\t<div class=\"elementor-element elementor-element-e51d126 e-flex e-con-boxed e-con e-child\" data-id=\"e51d126\" data-element_type=\"container\">\n\t\t\t\t\t<div class=\"e-con-inner\">\n\t\t\t\t<div class=\"elementor-element elementor-element-dae76ac elementor-align-left elementor-widget__width-auto elementor-widget elementor-widget-button\" data-id=\"dae76ac\" data-element_type=\"widget\" data-widget_type=\"button.default\">\n\t\t\t\t<div class=\"elementor-widget-container\">\n\t\t\t\t\t<div class=\"elementor-button-wrapper\">\n\t\t\t<a class=\"elementor-button elementor-button-link elementor-size-xs\" href=\"https:\/\/designingmedia.com\/instantva\/services\/\">\n\t\t\t\t\t\t<span class=\"elementor-button-content-wrapper\">\n\t\t\t\t\t\t\t\t\t<span class=\"elementor-button-text\">Contactez-nous<\/span>\n\t\t\t\t\t<\/span>\n\t\t\t\t\t<\/a>\n\t\t<\/div>\n\t\t\t\t<\/div>\n\t\t\t\t<\/div>\n\t\t\t\t<div class=\"elementor-element elementor-element-0a80366 elementor-widget__width-auto elementor-widget elementor-widget-button\" data-id=\"0a80366\" data-element_type=\"widget\" data-widget_type=\"button.default\">\n\t\t\t\t<div class=\"elementor-widget-container\">\n\t\t\t\t\t<div class=\"elementor-button-wrapper\">\n\t\t\t<a class=\"elementor-button elementor-button-link elementor-size-sm\" href=\"https:\/\/designingmedia.com\/instantva\/about-us\/\">\n\t\t\t\t\t\t<span class=\"elementor-button-content-wrapper\">\n\t\t\t\t\t\t\t\t\t<span class=\"elementor-button-text\">En Savoir +<\/span>\n\t\t\t\t\t<\/span>\n\t\t\t\t\t<\/a>\n\t\t<\/div>\n\t\t\t\t<\/div>\n\t\t\t\t<\/div>\n\t\t\t\t\t<\/div>\n\t\t\t\t<\/div>\n\t\t\t\t<\/div>\n\t\t<div class=\"elementor-element elementor-element-c7f2222 e-con-full e-flex e-con e-child\" data-id=\"c7f2222\" data-element_type=\"container\" data-settings=\"{&quot;background_background&quot;:&quot;classic&quot;}\">\n\t\t\t\t<div class=\"elementor-element elementor-element-f1d6827 elementor-widget elementor-widget-image\" data-id=\"f1d6827\" data-element_type=\"widget\" data-widget_type=\"image.default\">\n\t\t\t\t<div class=\"elementor-widget-container\">\n\t\t\t\t\t\t\t\t\t\t\t\t\t<img fetchpriority=\"high\" decoding=\"async\" width=\"659\" height=\"763\" src=\"https:\/\/azcenter.fr\/wp-content\/uploads\/2024\/01\/banner-right-image.png\" class=\"attachment-full size-full wp-image-18980\" alt=\"\" srcset=\"https:\/\/azcenter.fr\/wp-content\/uploads\/2024\/01\/banner-right-image.png 659w, https:\/\/azcenter.fr\/wp-content\/uploads\/2024\/01\/banner-right-image-600x695.png 600w, https:\/\/azcenter.fr\/wp-content\/uploads\/2024\/01\/banner-right-image-259x300.png 259w\" sizes=\"(max-width: 659px) 100vw, 659px\" \/>\t\t\t\t\t\t\t\t\t\t\t\t\t<\/div>\n\t\t\t\t<\/div>\n\t\t\t\t<div class=\"elementor-element elementor-element-a7f2132 elementor-absolute elementor-widget-tablet__width-auto elementor-widget elementor-widget-image\" data-id=\"a7f2132\" data-element_type=\"widget\" data-settings=\"{&quot;_position&quot;:&quot;absolute&quot;}\" data-widget_type=\"image.default\">\n\t\t\t\t<div class=\"elementor-widget-container\">\n\t\t\t\t\t\t\t\t\t\t\t\t\t<img loading=\"lazy\" decoding=\"async\" width=\"683\" height=\"576\" src=\"https:\/\/azcenter.fr\/wp-content\/uploads\/2022\/08\/bg-shape-1.png\" class=\"attachment-full size-full wp-image-291\" alt=\"\" srcset=\"https:\/\/azcenter.fr\/wp-content\/uploads\/2022\/08\/bg-shape-1.png 683w, https:\/\/azcenter.fr\/wp-content\/uploads\/2022\/08\/bg-shape-1-600x506.png 600w, https:\/\/azcenter.fr\/wp-content\/uploads\/2022\/08\/bg-shape-1-300x253.png 300w\" sizes=\"(max-width: 683px) 100vw, 683px\" \/>\t\t\t\t\t\t\t\t\t\t\t\t\t<\/div>\n\t\t\t\t<\/div>\n\t\t\t\t<\/div>\n\t\t\t\t<\/div>\n\t\t\t\t<\/div>\n\t\t\t\t\t<\/div>\n\t\t\t\t<\/div>\n\t\t<div class=\"elementor-element elementor-element-0747174 e-flex e-con-boxed e-con e-parent\" data-id=\"0747174\" data-element_type=\"container\" data-settings=\"{&quot;background_background&quot;:&quot;gradient&quot;}\">\n\t\t\t\t\t<div class=\"e-con-inner\">\n\t\t\t\t<div class=\"elementor-element elementor-element-ca03c6d elementor-widget__width-auto elementor-absolute elementor-widget elementor-widget-image\" data-id=\"ca03c6d\" data-element_type=\"widget\" data-settings=\"{&quot;_position&quot;:&quot;absolute&quot;}\" data-widget_type=\"image.default\">\n\t\t\t\t<div class=\"elementor-widget-container\">\n\t\t\t\t\t\t\t\t\t\t\t\t\t<img loading=\"lazy\" decoding=\"async\" width=\"165\" height=\"90\" src=\"https:\/\/azcenter.fr\/wp-content\/uploads\/2022\/08\/about-logo-image.png\" class=\"attachment-full size-full wp-image-1153\" alt=\"\" \/>\t\t\t\t\t\t\t\t\t\t\t\t\t<\/div>\n\t\t\t\t<\/div>\n\t\t<div class=\"elementor-element elementor-element-28ba81c e-con-full e-flex e-con e-child\" data-id=\"28ba81c\" data-element_type=\"container\">\n\t\t<div class=\"elementor-element elementor-element-2cdc6f9 e-con-full e-flex e-con e-child\" data-id=\"2cdc6f9\" data-element_type=\"container\">\n\t\t<div class=\"elementor-element elementor-element-acf8555 e-con-full e-flex e-con e-child\" data-id=\"acf8555\" data-element_type=\"container\" data-settings=\"{&quot;animation&quot;:&quot;none&quot;}\">\n\t\t\t\t<div class=\"elementor-element elementor-element-44d66d8 elementor-widget elementor-widget-image\" data-id=\"44d66d8\" data-element_type=\"widget\" data-widget_type=\"image.default\">\n\t\t\t\t<div class=\"elementor-widget-container\">\n\t\t\t\t\t\t\t\t\t\t\t\t\t<img loading=\"lazy\" decoding=\"async\" width=\"403\" height=\"328\" src=\"https:\/\/azcenter.fr\/wp-content\/uploads\/2022\/08\/instant-VA-1st-About-Image.png\" class=\"elementor-animation-float attachment-full size-full wp-image-759\" alt=\"\" srcset=\"https:\/\/azcenter.fr\/wp-content\/uploads\/2022\/08\/instant-VA-1st-About-Image.png 403w, https:\/\/azcenter.fr\/wp-content\/uploads\/2022\/08\/instant-VA-1st-About-Image-300x244.png 300w\" sizes=\"(max-width: 403px) 100vw, 403px\" \/>\t\t\t\t\t\t\t\t\t\t\t\t\t<\/div>\n\t\t\t\t<\/div>\n\t\t\t\t<div class=\"elementor-element elementor-element-a72d589 elementor-widget__width-auto elementor-absolute elementor-widget elementor-widget-image\" data-id=\"a72d589\" data-element_type=\"widget\" data-settings=\"{&quot;_position&quot;:&quot;absolute&quot;}\" data-widget_type=\"image.default\">\n\t\t\t\t<div class=\"elementor-widget-container\">\n\t\t\t\t\t\t\t\t\t\t\t\t\t<img loading=\"lazy\" decoding=\"async\" width=\"105\" height=\"105\" src=\"https:\/\/azcenter.fr\/wp-content\/uploads\/2022\/09\/about-us-.png\" class=\"attachment-full size-full wp-image-7454\" alt=\"\" srcset=\"https:\/\/azcenter.fr\/wp-content\/uploads\/2022\/09\/about-us-.png 105w, https:\/\/azcenter.fr\/wp-content\/uploads\/2022\/09\/about-us--100x100.png 100w\" sizes=\"(max-width: 105px) 100vw, 105px\" \/>\t\t\t\t\t\t\t\t\t\t\t\t\t<\/div>\n\t\t\t\t<\/div>\n\t\t\t\t<div class=\"elementor-element elementor-element-e4569c0 elementor-widget__width-auto elementor-widget elementor-widget-image\" data-id=\"e4569c0\" data-element_type=\"widget\" data-widget_type=\"image.default\">\n\t\t\t\t<div class=\"elementor-widget-container\">\n\t\t\t\t\t\t\t\t\t\t\t\t\t<img loading=\"lazy\" decoding=\"async\" width=\"274\" height=\"250\" src=\"https:\/\/azcenter.fr\/wp-content\/uploads\/2022\/09\/about-sec-img-022.jpg\" class=\"elementor-animation-float attachment-full size-full wp-image-7710\" alt=\"\" \/>\t\t\t\t\t\t\t\t\t\t\t\t\t<\/div>\n\t\t\t\t<\/div>\n\t\t\t\t<div class=\"elementor-element elementor-element-f80bbf7 elementor-widget__width-auto elementor-absolute elementor-widget-tablet__width-auto elementor-widget elementor-widget-image\" data-id=\"f80bbf7\" data-element_type=\"widget\" data-settings=\"{&quot;_position&quot;:&quot;absolute&quot;}\" data-widget_type=\"image.default\">\n\t\t\t\t<div class=\"elementor-widget-container\">\n\t\t\t\t\t\t\t\t\t\t\t\t\t<img loading=\"lazy\" decoding=\"async\" width=\"102\" height=\"452\" src=\"https:\/\/azcenter.fr\/wp-content\/uploads\/2022\/09\/bg-logo-about-us.jpg\" class=\"attachment-full size-full wp-image-7604\" alt=\"\" srcset=\"https:\/\/azcenter.fr\/wp-content\/uploads\/2022\/09\/bg-logo-about-us.jpg 102w, https:\/\/azcenter.fr\/wp-content\/uploads\/2022\/09\/bg-logo-about-us-68x300.jpg 68w\" sizes=\"(max-width: 102px) 100vw, 102px\" \/>\t\t\t\t\t\t\t\t\t\t\t\t\t<\/div>\n\t\t\t\t<\/div>\n\t\t\t\t<div class=\"elementor-element elementor-element-2d8a026 elementor-widget__width-auto elementor-widget elementor-widget-image\" data-id=\"2d8a026\" data-element_type=\"widget\" data-widget_type=\"image.default\">\n\t\t\t\t<div class=\"elementor-widget-container\">\n\t\t\t\t\t\t\t\t\t\t\t\t\t<img loading=\"lazy\" decoding=\"async\" width=\"219\" height=\"224\" src=\"https:\/\/azcenter.fr\/wp-content\/uploads\/2022\/08\/instant-VA-3rd-About-Image.png\" class=\"elementor-animation-float attachment-full size-full wp-image-762\" alt=\"\" \/>\t\t\t\t\t\t\t\t\t\t\t\t\t<\/div>\n\t\t\t\t<\/div>\n\t\t\t\t<\/div>\n\t\t<div class=\"elementor-element elementor-element-70c5d54 e-con-full e-flex e-con e-child\" data-id=\"70c5d54\" data-element_type=\"container\">\n\t\t\t\t<div class=\"elementor-element elementor-element-52890a1 elementor-widget elementor-widget-heading\" data-id=\"52890a1\" data-element_type=\"widget\" data-widget_type=\"heading.default\">\n\t\t\t\t<div class=\"elementor-widget-container\">\n\t\t\t<h6 class=\"elementor-heading-title elementor-size-default\">A propos<\/h6>\t\t<\/div>\n\t\t\t\t<\/div>\n\t\t\t\t<div class=\"elementor-element elementor-element-c4d2c7c elementor-widget elementor-widget-heading\" data-id=\"c4d2c7c\" data-element_type=\"widget\" data-widget_type=\"heading.default\">\n\t\t\t\t<div class=\"elementor-widget-container\">\n\t\t\t<h2 class=\"elementor-heading-title elementor-size-default\">R\u00e9affirme son engagement \u00e0 innover.<\/h2>\t\t<\/div>\n\t\t\t\t<\/div>\n\t\t\t\t<div class=\"elementor-element elementor-element-56a2578 elementor-widget elementor-widget-text-editor\" data-id=\"56a2578\" data-element_type=\"widget\" data-widget_type=\"text-editor.default\">\n\t\t\t\t<div class=\"elementor-widget-container\">\n\t\t\t\t\t\t\tUne approche novatrice  porteuse de croissance durable et de diff\u00e9renciation comp\u00e9titive pour l&rsquo;entreprise.\t\t\t\t\t\t<\/div>\n\t\t\t\t<\/div>\n\t\t\t\t<div class=\"elementor-element elementor-element-093c133 elementor-widget elementor-widget-heading\" data-id=\"093c133\" data-element_type=\"widget\" data-widget_type=\"heading.default\">\n\t\t\t\t<div class=\"elementor-widget-container\">\n\t\t\t<h3 class=\"elementor-heading-title elementor-size-default\">01. l'innovation rencontre l'excellence.<\/h3>\t\t<\/div>\n\t\t\t\t<\/div>\n\t\t\t\t<div class=\"elementor-element elementor-element-1ffdac8 elementor-widget elementor-widget-text-editor\" data-id=\"1ffdac8\" data-element_type=\"widget\" data-widget_type=\"text-editor.default\">\n\t\t\t\t<div class=\"elementor-widget-container\">\n\t\t\t\t\t\t\tUn panorama de solutions, sp\u00e9cialement con\u00e7ues pour enrichir notre \u00e9cosyst\u00e8me et catalyser notre croissance commune\t\t\t\t\t\t<\/div>\n\t\t\t\t<\/div>\n\t\t\t\t<div class=\"elementor-element elementor-element-4fb1f8b elementor-widget elementor-widget-heading\" data-id=\"4fb1f8b\" data-element_type=\"widget\" data-widget_type=\"heading.default\">\n\t\t\t\t<div class=\"elementor-widget-container\">\n\t\t\t<h3 class=\"elementor-heading-title elementor-size-default\">02. Orchestration Parfaite<\/h3>\t\t<\/div>\n\t\t\t\t<\/div>\n\t\t\t\t<div class=\"elementor-element elementor-element-ea93c97 elementor-widget elementor-widget-text-editor\" data-id=\"ea93c97\" data-element_type=\"widget\" data-widget_type=\"text-editor.default\">\n\t\t\t\t<div class=\"elementor-widget-container\">\n\t\t\t\t\t\t\tLaissez notre expertise, notre fiert\u00e9, piloter vos initiatives vers une r\u00e9ussite harmonieuse et sans fausse note.\t\t\t\t\t\t<\/div>\n\t\t\t\t<\/div>\n\t\t\t\t<div class=\"elementor-element elementor-element-95a2f86 elementor-widget__width-auto elementor-mobile-align-center elementor-widget elementor-widget-button\" data-id=\"95a2f86\" data-element_type=\"widget\" data-widget_type=\"button.default\">\n\t\t\t\t<div class=\"elementor-widget-container\">\n\t\t\t\t\t<div class=\"elementor-button-wrapper\">\n\t\t\t<a class=\"elementor-button elementor-button-link elementor-size-sm\" href=\"https:\/\/designingmedia.com\/instantva\/services\/\">\n\t\t\t\t\t\t<span class=\"elementor-button-content-wrapper\">\n\t\t\t\t\t\t\t\t\t<span class=\"elementor-button-text\">Contactez-nous<\/span>\n\t\t\t\t\t<\/span>\n\t\t\t\t\t<\/a>\n\t\t<\/div>\n\t\t\t\t<\/div>\n\t\t\t\t<\/div>\n\t\t\t\t<\/div>\n\t\t\t\t<\/div>\n\t\t\t\t<\/div>\n\t\t\t\t\t<\/div>\n\t\t\t\t<\/div>\n\t\t\t\t<\/div>\n\t\t","protected":false},"excerpt":{"rendered":"<p>Notre h\u00e9ritage de succ\u00e8s et notre expertise sont d\u00e9sormais \u00e0 la port\u00e9e nos partenaires D\u00e9couvrez comment notre synergie interne peut \u00e9lever chaque aspect de notre groupe vers des r\u00e9alisations sans pr\u00e9c\u00e9dent. Contactez-nous En Savoir + A propos R\u00e9affirme son engagement \u00e0 innover. Une approche novatrice porteuse de croissance durable et de diff\u00e9renciation comp\u00e9titive pour l&rsquo;entreprise. [&hellip;]<\/p>\n","protected":false},"author":1,"featured_media":0,"parent":0,"menu_order":0,"comment_status":"closed","ping_status":"closed","template":"elementor_header_footer","meta":{"_monsterinsights_skip_tracking":false,"_monsterinsights_sitenote_active":false,"_monsterinsights_sitenote_note":"","_monsterinsights_sitenote_category":0,"footnotes":""},"class_list":["post-19074","page","type-page","status-publish","hentry"],"aioseo_notices":[],"_links":{"self":[{"href":"https:\/\/azcenter.fr\/index.php?rest_route=\/wp\/v2\/pages\/19074","targetHints":{"allow":["GET"]}}],"collection":[{"href":"https:\/\/azcenter.fr\/index.php?rest_route=\/wp\/v2\/pages"}],"about":[{"href":"https:\/\/azcenter.fr\/index.php?rest_route=\/wp\/v2\/types\/page"}],"author":[{"embeddable":true,"href":"https:\/\/azcenter.fr\/index.php?rest_route=\/wp\/v2\/users\/1"}],"replies":[{"embeddable":true,"href":"https:\/\/azcenter.fr\/index.php?rest_route=%2Fwp%2Fv2%2Fcomments&post=19074"}],"version-history":[{"count":40,"href":"https:\/\/azcenter.fr\/index.php?rest_route=\/wp\/v2\/pages\/19074\/revisions"}],"predecessor-version":[{"id":19145,"href":"https:\/\/azcenter.fr\/index.php?rest_route=\/wp\/v2\/pages\/19074\/revisions\/19145"}],"wp:attachment":[{"href":"https:\/\/azcenter.fr\/index.php?rest_route=%2Fwp%2Fv2%2Fmedia&parent=19074"}],"curies":[{"name":"wp","href":"https:\/\/api.w.org\/{rel}","templated":true}]}}